{"id":171,"date":"2024-10-21T16:46:53","date_gmt":"2024-10-21T16:46:53","guid":{"rendered":"https:\/\/clarabayharborisland.com\/?page_id=171"},"modified":"2025-09-23T17:34:42","modified_gmt":"2025-09-23T17:34:42","slug":"ubicacion","status":"publish","type":"page","link":"https:\/\/72carlyleresidence.com\/es\/ubicacion\/","title":{"rendered":"Ubicaci\u00f3n"},"content":{"rendered":"<p>[et_pb_section fb_built=&#8221;1&#8243; custom_padding_last_edited=&#8221;on|phone&#8221; _builder_version=&#8221;4.27.2&#8243; _module_preset=&#8221;default&#8221; background_color=&#8221;rgba(0,0,0,0.48)&#8221; background_image=&#8221;https:\/\/72carlyleresidence.com\/es\/wp-content\/uploads\/72-carlyle-miami-beach-header.jpg&#8221; background_blend=&#8221;overlay&#8221; custom_padding=&#8221;90px||90px|||&#8221; custom_padding_tablet=&#8221;90px||90px|||&#8221; custom_padding_phone=&#8221;50px||50px||true|false&#8221; global_colors_info=&#8221;{}&#8221;][et_pb_row _builder_version=&#8221;4.17.4&#8243; _module_preset=&#8221;default&#8221; global_colors_info=&#8221;{}&#8221;][et_pb_column type=&#8221;4_4&#8243; _builder_version=&#8221;4.17.4&#8243; _module_preset=&#8221;default&#8221; global_colors_info=&#8221;{}&#8221;][et_pb_text _builder_version=&#8221;4.27.4&#8243; _module_preset=&#8221;default&#8221; header_font=&#8221;|700||on|||||&#8221; header_text_align=&#8221;center&#8221; header_text_color=&#8221;#FFFFFF&#8221; header_font_size=&#8221;50px&#8221; header_2_font=&#8221;|700||on|||||&#8221; header_2_text_align=&#8221;center&#8221; header_2_text_color=&#8221;#FFFFFF&#8221; header_2_font_size=&#8221;40px&#8221; hover_enabled=&#8221;0&#8243; header_font_size_tablet=&#8221;50px&#8221; header_font_size_phone=&#8221;30px&#8221; header_font_size_last_edited=&#8221;on|phone&#8221; header_text_shadow_style=&#8221;preset3&#8243; header_text_shadow_blur_strength=&#8221;0.69em&#8221; header_text_shadow_color=&#8221;#000000&#8243; global_colors_info=&#8221;{}&#8221; sticky_enabled=&#8221;0&#8243;]<\/p>\n<h1>72 Carlyle Residences<\/h1>\n<h1>Ubicaci\u00f3n<\/h1>\n<p>[\/et_pb_text][\/et_pb_column][\/et_pb_row][\/et_pb_section][et_pb_section fb_built=&#8221;1&#8243; _builder_version=&#8221;4.22.1&#8243; _module_preset=&#8221;default&#8221; background_color=&#8221;RGBA(255,255,255,0)&#8221; global_colors_info=&#8221;{}&#8221;][et_pb_row use_custom_gutter=&#8221;on&#8221; gutter_width=&#8221;2&#8243; _builder_version=&#8221;4.22.1&#8243; _module_preset=&#8221;default&#8221; global_colors_info=&#8221;{}&#8221;][et_pb_column type=&#8221;4_4&#8243; _builder_version=&#8221;4.20.2&#8243; _module_preset=&#8221;default&#8221; global_colors_info=&#8221;{}&#8221;][et_pb_text _builder_version=&#8221;4.27.4&#8243; _module_preset=&#8221;default&#8221; text_text_color=&#8221;#000000&#8243; header_font=&#8221;|700||on|||||&#8221; header_text_align=&#8221;center&#8221; header_font_size=&#8221;35px&#8221; header_line_height=&#8221;1.5em&#8221; header_2_font=&#8221;|600|||||||&#8221; hover_enabled=&#8221;0&#8243; header_font_size_tablet=&#8221;35px&#8221; header_font_size_phone=&#8221;22px&#8221; header_font_size_last_edited=&#8221;on|phone&#8221; header_2_font_size_tablet=&#8221;&#8221; header_2_font_size_phone=&#8221;20px&#8221; header_2_font_size_last_edited=&#8221;on|phone&#8221; global_colors_info=&#8221;{}&#8221; sticky_enabled=&#8221;0&#8243;]<\/p>\n<h1>Ubicaci\u00f3n de 72 Carlyle Residences en Miami Beach<\/h1>\n<h2 style=\"text-align: center;\">El Arte de Vivir junto a la Playa<\/h2>\n<p>&nbsp;<\/p>\n<p>Ubicado en el 600 de la Calle 72, en el codiciado barrio de North Beach, 72 Carlyle ofrece a sus residentes una combinaci\u00f3n inigualable de serenidad y dinamismo. Esta ubicaci\u00f3n privilegiada los sit\u00faa a solo unos minutos de las experiencias m\u00e1s codiciadas de Miami Beach. Perfectamente ubicado entre las ic\u00f3nicas playas de arena blanca y la pintoresca Bah\u00eda Biscayne, ofrece un id\u00edlico estilo de vida costero.<\/p>\n<p>Un corto paseo de tres minutos lleva a los residentes a las tranquilas playas al sur de Surfside, mientras que a pocos minutos se encuentra Bal Harbour, hogar de tiendas boutique de primera clase y restaurantes de lujo. La vibrante escena cultural de North Beach y sus reconocidos restaurantes enriquecen a\u00fan m\u00e1s el estilo de vida, asegurando que todas las comodidades est\u00e9n al alcance de la mano.<\/p>\n<p>La ubicaci\u00f3n de 72 Carlyle equilibra la vibrante energ\u00eda de South Beach con el apacible encanto de las playas m\u00e1s tranquilas. Ofrece impresionantes vistas al mar turquesa y f\u00e1cil acceso a los mejores destinos de ocio y culturales de la zona. Ya sea disfrutando de una gastronom\u00eda exquisita, explorando tiendas boutique o relaj\u00e1ndose junto a la playa, los residentes disfrutan de una fusi\u00f3n perfecta de sofisticaci\u00f3n urbana y relajada vida costera.<\/p>\n<p>[\/et_pb_text][\/et_pb_column][\/et_pb_row][et_pb_row _builder_version=&#8221;4.24.2&#8243; _module_preset=&#8221;default&#8221; custom_margin=&#8221;-25px|auto||auto||&#8221; global_colors_info=&#8221;{}&#8221;][et_pb_column type=&#8221;4_4&#8243; _builder_version=&#8221;4.24.2&#8243; _module_preset=&#8221;default&#8221; global_colors_info=&#8221;{}&#8221;][et_pb_image src=&#8221;https:\/\/72carlyleresidence.com\/es\/wp-content\/uploads\/72-carlyle-miami-beach-location_02.jpg&#8221; alt=&#8221;72 Carlyle Residences Miami Beach Location&#8221; title_text=&#8221;72 Carlyle Miami Beach Residences&#8221; align=&#8221;center&#8221; _builder_version=&#8221;4.27.2&#8243; _module_preset=&#8221;default&#8221; global_colors_info=&#8221;{}&#8221;][\/et_pb_image][\/et_pb_column][\/et_pb_row][\/et_pb_section][et_pb_section fb_built=&#8221;1&#8243; _builder_version=&#8221;4.22.1&#8243; _module_preset=&#8221;default&#8221; background_color=&#8221;#f7f7f9&#8243; global_colors_info=&#8221;{}&#8221;][et_pb_row _builder_version=&#8221;4.17.4&#8243; _module_preset=&#8221;default&#8221; width=&#8221;90%&#8221; max_width=&#8221;1400px&#8221; custom_margin=&#8221;-55px|auto||auto||&#8221; custom_padding=&#8221;0px|||||&#8221; global_colors_info=&#8221;{}&#8221;][et_pb_column type=&#8221;4_4&#8243; _builder_version=&#8221;4.17.4&#8243; _module_preset=&#8221;default&#8221; global_colors_info=&#8221;{}&#8221;][et_pb_text _builder_version=&#8221;4.27.4&#8243; _module_preset=&#8221;default&#8221; header_2_font=&#8221;|700||on|||||&#8221; header_2_text_align=&#8221;center&#8221; header_2_text_color=&#8221;#192c57&#8243; header_2_font_size=&#8221;42px&#8221; custom_margin=&#8221;12px|||||&#8221; hover_enabled=&#8221;0&#8243; header_2_font_size_tablet=&#8221;32px&#8221; header_2_font_size_phone=&#8221;&#8221; header_2_font_size_last_edited=&#8221;on|desktop&#8221; global_colors_info=&#8221;{}&#8221; sticky_enabled=&#8221;0&#8243;]<\/p>\n<h2 class=\"has-text-align-center has-black-color has-text-color has-large-font-size\">Mapa<\/h2>\n<p>[\/et_pb_text][et_pb_code _builder_version=&#8221;4.27.2&#8243; _module_preset=&#8221;default&#8221; global_colors_info=&#8221;{}&#8221;]<iframe src=\"https:\/\/www.google.com\/maps\/embed?pb=!1m18!1m12!1m3!1d3590.383538334292!2d-80.12447329999999!3d25.8568513!2m3!1f0!2f0!3f0!3m2!1i1024!2i768!4f13.1!3m3!1m2!1s0x88d9b2e63c600f85%3A0x7002b1b115535372!2s600%2072nd%20St%2C%20Miami%20Beach%2C%20FL%2033141%2C%20USA!5e0!3m2!1sen!2sbd!4v1700924721024!5m2!1sen!2sbd\" width=\"100%\" height=\"450\" style=\"border:0;\" allowfullscreen=\"\" loading=\"lazy\" referrerpolicy=\"no-referrer-when-downgrade\"><\/iframe>[\/et_pb_code][\/et_pb_column][\/et_pb_row][\/et_pb_section]<\/p>\n","protected":false},"excerpt":{"rendered":"<p>72 Carlyle Residences Ubicaci\u00f3nUbicaci\u00f3n de 72 Carlyle Residences en Miami Beach El Arte de Vivir junto a la Playa &nbsp; Ubicado en el 600 de la Calle 72, en el codiciado barrio de North Beach, 72 Carlyle ofrece a sus residentes una combinaci\u00f3n inigualable de serenidad y dinamismo. Esta ubicaci\u00f3n privilegiada los sit\u00faa a solo [&hellip;]<\/p>\n","protected":false},"author":1,"featured_media":1823,"parent":0,"menu_order":0,"comment_status":"closed","ping_status":"closed","template":"","meta":{"_et_pb_use_builder":"on","_et_pb_old_content":"","_et_gb_content_width":"","footnotes":""},"class_list":["post-171","page","type-page","status-publish","has-post-thumbnail","hentry"],"_links":{"self":[{"href":"https:\/\/72carlyleresidence.com\/es\/wp-json\/wp\/v2\/pages\/171","targetHints":{"allow":["GET"]}}],"collection":[{"href":"https:\/\/72carlyleresidence.com\/es\/wp-json\/wp\/v2\/pages"}],"about":[{"href":"https:\/\/72carlyleresidence.com\/es\/wp-json\/wp\/v2\/types\/page"}],"author":[{"embeddable":true,"href":"https:\/\/72carlyleresidence.com\/es\/wp-json\/wp\/v2\/users\/1"}],"replies":[{"embeddable":true,"href":"https:\/\/72carlyleresidence.com\/es\/wp-json\/wp\/v2\/comments?post=171"}],"version-history":[{"count":41,"href":"https:\/\/72carlyleresidence.com\/es\/wp-json\/wp\/v2\/pages\/171\/revisions"}],"predecessor-version":[{"id":1938,"href":"https:\/\/72carlyleresidence.com\/es\/wp-json\/wp\/v2\/pages\/171\/revisions\/1938"}],"wp:featuredmedia":[{"embeddable":true,"href":"https:\/\/72carlyleresidence.com\/es\/wp-json\/wp\/v2\/media\/1823"}],"wp:attachment":[{"href":"https:\/\/72carlyleresidence.com\/es\/wp-json\/wp\/v2\/media?parent=171"}],"curies":[{"name":"wp","href":"https:\/\/api.w.org\/{rel}","templated":true}]}}