{"id":385,"date":"2024-10-21T07:50:02","date_gmt":"2024-10-21T07:50:02","guid":{"rendered":"https:\/\/clarabayharborisland.com\/?page_id=385"},"modified":"2025-09-23T17:25:12","modified_gmt":"2025-09-23T17:25:12","slug":"equipo","status":"publish","type":"page","link":"https:\/\/72carlyleresidence.com\/es\/equipo\/","title":{"rendered":"Equipo"},"content":{"rendered":"<p>[et_pb_section fb_built=&#8221;1&#8243; custom_padding_last_edited=&#8221;on|phone&#8221; _builder_version=&#8221;4.27.2&#8243; _module_preset=&#8221;default&#8221; background_color=&#8221;rgba(0,0,0,0.7)&#8221; background_image=&#8221;https:\/\/72carlyleresidence.com\/es\/wp-content\/uploads\/72-carlyle-miami-beach-header.jpg&#8221; background_blend=&#8221;overlay&#8221; custom_padding=&#8221;90px||90px|||&#8221; custom_padding_tablet=&#8221;90px||90px|||&#8221; custom_padding_phone=&#8221;50px||50px||true|false&#8221; global_colors_info=&#8221;{}&#8221;][et_pb_row _builder_version=&#8221;4.17.4&#8243; _module_preset=&#8221;default&#8221; global_colors_info=&#8221;{}&#8221;][et_pb_column type=&#8221;4_4&#8243; _builder_version=&#8221;4.17.4&#8243; _module_preset=&#8221;default&#8221; global_colors_info=&#8221;{}&#8221;][et_pb_text _builder_version=&#8221;4.27.4&#8243; _module_preset=&#8221;default&#8221; text_font=&#8221;|600|||||||&#8221; text_text_color=&#8221;#FFFFFF&#8221; text_font_size=&#8221;25px&#8221; header_font=&#8221;|700||on|||||&#8221; header_text_align=&#8221;center&#8221; header_text_color=&#8221;#FFFFFF&#8221; header_font_size=&#8221;50px&#8221; text_orientation=&#8221;center&#8221; hover_enabled=&#8221;0&#8243; header_font_size_tablet=&#8221;50px&#8221; header_font_size_phone=&#8221;40px&#8221; header_font_size_last_edited=&#8221;on|phone&#8221; header_text_shadow_style=&#8221;preset3&#8243; header_text_shadow_blur_strength=&#8221;0.69em&#8221; header_text_shadow_color=&#8221;#000000&#8243; global_colors_info=&#8221;{}&#8221; sticky_enabled=&#8221;0&#8243;]<\/p>\n<h1>72 Carlyle Residences<\/h1>\n<h1>Equipo<\/h1>\n<p>&nbsp;<\/p>\n<p>[\/et_pb_text][\/et_pb_column][\/et_pb_row][\/et_pb_section][et_pb_section fb_built=&#8221;1&#8243; _builder_version=&#8221;4.27.2&#8243; _module_preset=&#8221;default&#8221; background_color=&#8221;RGBA(255,255,255,0)&#8221; custom_padding=&#8221;||2px|||&#8221; global_colors_info=&#8221;{}&#8221;][et_pb_row _builder_version=&#8221;4.24.2&#8243; _module_preset=&#8221;default&#8221; global_colors_info=&#8221;{}&#8221;][et_pb_column type=&#8221;4_4&#8243; _builder_version=&#8221;4.20.2&#8243; _module_preset=&#8221;default&#8221; global_colors_info=&#8221;{}&#8221;][et_pb_text _builder_version=&#8221;4.27.4&#8243; _module_preset=&#8221;default&#8221; text_font=&#8221;Adamina||||||||&#8221; text_text_color=&#8221;#000000&#8243; text_line_height=&#8221;1.8em&#8221; custom_margin=&#8221;-41px|||||&#8221; hover_enabled=&#8221;0&#8243; global_colors_info=&#8221;{}&#8221; sticky_enabled=&#8221;0&#8243;]<\/p>\n<p><strong>Desarrollador: Lefferts<\/strong><br \/><strong>Arquitecto: Piero Lissoni &amp; Arquitectonica<\/strong><br \/><strong>Interior Designer: Piero Lissoni<\/strong><\/p>\n<p>[\/et_pb_text][\/et_pb_column][\/et_pb_row][\/et_pb_section][et_pb_section fb_built=&#8221;1&#8243; _builder_version=&#8221;4.27.2&#8243; _module_preset=&#8221;default&#8221; background_color=&#8221;RGBA(255,255,255,0)&#8221; global_colors_info=&#8221;{}&#8221;][et_pb_row column_structure=&#8221;1_2,1_2&#8243; _builder_version=&#8221;4.27.2&#8243; _module_preset=&#8221;default&#8221; global_colors_info=&#8221;{}&#8221;][et_pb_column type=&#8221;1_2&#8243; _builder_version=&#8221;4.27.2&#8243; _module_preset=&#8221;default&#8221; global_colors_info=&#8221;{}&#8221;][et_pb_text _builder_version=&#8221;4.27.4&#8243; _module_preset=&#8221;default&#8221; text_text_color=&#8221;#000000&#8243; header_2_font=&#8221;|700||||on|||&#8221; header_2_text_color=&#8221;#000000&#8243; hover_enabled=&#8221;0&#8243; global_colors_info=&#8221;{}&#8221; sticky_enabled=&#8221;0&#8243;]<\/p>\n<h2>Lefferts<\/h2>\n<p>Lefferts es una promotora inmobiliaria l\u00edder con m\u00e1s de 20 a\u00f1os de experiencia. Es conocida por crear propiedades residenciales y comerciales extraordinarias en Nueva York y el sur de Florida. Centrada en la innovaci\u00f3n, la calidad, la sostenibilidad y la vida inclusiva, su cartera incluye condominios de lujo, din\u00e1micos desarrollos de uso mixto y espacios comerciales de alta gama.<\/p>\n<p>[\/et_pb_text][\/et_pb_column][et_pb_column type=&#8221;1_2&#8243; _builder_version=&#8221;4.27.2&#8243; _module_preset=&#8221;default&#8221; global_colors_info=&#8221;{}&#8221;][et_pb_image src=&#8221;https:\/\/72carlyleresidence.com\/es\/wp-content\/uploads\/lefferts-logo.jpg&#8221; title_text=&#8221;72 Carlyle Miami Beach Residences&#8221; align=&#8221;center&#8221; _builder_version=&#8221;4.27.2&#8243; _module_preset=&#8221;default&#8221; global_colors_info=&#8221;{}&#8221;][\/et_pb_image][\/et_pb_column][\/et_pb_row][et_pb_row column_structure=&#8221;1_2,1_2&#8243; _builder_version=&#8221;4.27.2&#8243; _module_preset=&#8221;default&#8221; global_colors_info=&#8221;{}&#8221;][et_pb_column type=&#8221;1_2&#8243; _builder_version=&#8221;4.27.2&#8243; _module_preset=&#8221;default&#8221; global_colors_info=&#8221;{}&#8221;][et_pb_image src=&#8221;https:\/\/72carlyleresidence.com\/es\/wp-content\/uploads\/PieroLissoni.jpg&#8221; title_text=&#8221;72 Carlyle Miami Beach Residences&#8221; align=&#8221;center&#8221; _builder_version=&#8221;4.27.2&#8243; _module_preset=&#8221;default&#8221; global_colors_info=&#8221;{}&#8221;][\/et_pb_image][\/et_pb_column][et_pb_column type=&#8221;1_2&#8243; _builder_version=&#8221;4.27.2&#8243; _module_preset=&#8221;default&#8221; global_colors_info=&#8221;{}&#8221;][et_pb_text _builder_version=&#8221;4.27.4&#8243; _module_preset=&#8221;default&#8221; text_text_color=&#8221;#000000&#8243; header_2_font=&#8221;|700||||on|||&#8221; header_2_text_color=&#8221;#000000&#8243; hover_enabled=&#8221;0&#8243; global_colors_info=&#8221;{}&#8221; sticky_enabled=&#8221;0&#8243;]<\/p>\n<h2>Piero Lissoni<\/h2>\n<p>Piero Lissoni es un arquitecto, director de arte y dise\u00f1ador de renombre mundial, reconocido por su maestr\u00eda en dise\u00f1o contempor\u00e1neo. Con m\u00e1s de 30 a\u00f1os de experiencia, sus proyectos globales abarcan la arquitectura, el paisajismo y el interiorismo, incluyendo obras prestigiosas como The Ritz-Carlton Residences en Miami Beach y hoteles de lujo en todo el mundo. Sus dise\u00f1os le han valido numerosos premios, como el Good Design Award y el Red Dot Award, que reflejan su inigualable experiencia y visi\u00f3n art\u00edstica.<\/p>\n<p>[\/et_pb_text][\/et_pb_column][\/et_pb_row][\/et_pb_section]<\/p>\n","protected":false},"excerpt":{"rendered":"<p>72 Carlyle Residences Equipo &nbsp;Desarrollador: LeffertsArquitecto: Piero Lissoni &amp; ArquitectonicaInterior Designer: Piero LissoniLefferts Lefferts es una promotora inmobiliaria l\u00edder con m\u00e1s de 20 a\u00f1os de experiencia. Es conocida por crear propiedades residenciales y comerciales extraordinarias en Nueva York y el sur de Florida. Centrada en la innovaci\u00f3n, la calidad, la sostenibilidad y la vida inclusiva, [&hellip;]<\/p>\n","protected":false},"author":1,"featured_media":1828,"parent":0,"menu_order":0,"comment_status":"closed","ping_status":"closed","template":"","meta":{"_et_pb_use_builder":"on","_et_pb_old_content":"","_et_gb_content_width":"","footnotes":""},"class_list":["post-385","page","type-page","status-publish","has-post-thumbnail","hentry"],"_links":{"self":[{"href":"https:\/\/72carlyleresidence.com\/es\/wp-json\/wp\/v2\/pages\/385","targetHints":{"allow":["GET"]}}],"collection":[{"href":"https:\/\/72carlyleresidence.com\/es\/wp-json\/wp\/v2\/pages"}],"about":[{"href":"https:\/\/72carlyleresidence.com\/es\/wp-json\/wp\/v2\/types\/page"}],"author":[{"embeddable":true,"href":"https:\/\/72carlyleresidence.com\/es\/wp-json\/wp\/v2\/users\/1"}],"replies":[{"embeddable":true,"href":"https:\/\/72carlyleresidence.com\/es\/wp-json\/wp\/v2\/comments?post=385"}],"version-history":[{"count":52,"href":"https:\/\/72carlyleresidence.com\/es\/wp-json\/wp\/v2\/pages\/385\/revisions"}],"predecessor-version":[{"id":1931,"href":"https:\/\/72carlyleresidence.com\/es\/wp-json\/wp\/v2\/pages\/385\/revisions\/1931"}],"wp:featuredmedia":[{"embeddable":true,"href":"https:\/\/72carlyleresidence.com\/es\/wp-json\/wp\/v2\/media\/1828"}],"wp:attachment":[{"href":"https:\/\/72carlyleresidence.com\/es\/wp-json\/wp\/v2\/media?parent=385"}],"curies":[{"name":"wp","href":"https:\/\/api.w.org\/{rel}","templated":true}]}}