{"id":730,"date":"2024-10-21T06:31:16","date_gmt":"2024-10-21T06:31:16","guid":{"rendered":"https:\/\/galemiamihotelandresidences.com\/?page_id=730"},"modified":"2025-09-23T17:25:17","modified_gmt":"2025-09-23T17:25:17","slug":"comodidades","status":"publish","type":"page","link":"https:\/\/72carlyleresidence.com\/es\/comodidades\/","title":{"rendered":"Comodidades"},"content":{"rendered":"<p>[et_pb_section fb_built=&#8221;1&#8243; custom_padding_last_edited=&#8221;on|phone&#8221; _builder_version=&#8221;4.27.2&#8243; _module_preset=&#8221;default&#8221; background_color=&#8221;rgba(0,0,0,0.61)&#8221; background_image=&#8221;https:\/\/72carlyleresidence.com\/es\/wp-content\/uploads\/72-carlyle-miami-beach-header.jpg&#8221; background_blend=&#8221;overlay&#8221; custom_padding=&#8221;90px||90px|||&#8221; custom_padding_tablet=&#8221;90px||90px|||&#8221; custom_padding_phone=&#8221;50px||50px||true|false&#8221; global_colors_info=&#8221;{}&#8221;][et_pb_row _builder_version=&#8221;4.17.4&#8243; _module_preset=&#8221;default&#8221; global_colors_info=&#8221;{}&#8221;][et_pb_column type=&#8221;4_4&#8243; _builder_version=&#8221;4.17.4&#8243; _module_preset=&#8221;default&#8221; global_colors_info=&#8221;{}&#8221;][et_pb_text _builder_version=&#8221;4.27.4&#8243; _module_preset=&#8221;default&#8221; text_font=&#8221;|600|||||||&#8221; text_text_color=&#8221;#FFFFFF&#8221; text_font_size=&#8221;25px&#8221; header_font=&#8221;|700||on|||||&#8221; header_text_align=&#8221;center&#8221; header_text_color=&#8221;#FFFFFF&#8221; header_font_size=&#8221;50px&#8221; header_2_font_size=&#8221;45px&#8221; text_orientation=&#8221;center&#8221; hover_enabled=&#8221;0&#8243; header_font_size_tablet=&#8221;50px&#8221; header_font_size_phone=&#8221;40px&#8221; header_font_size_last_edited=&#8221;on|phone&#8221; header_text_shadow_style=&#8221;preset3&#8243; header_text_shadow_blur_strength=&#8221;0.69em&#8221; header_text_shadow_color=&#8221;#000000&#8243; global_colors_info=&#8221;{}&#8221; sticky_enabled=&#8221;0&#8243;]<\/p>\n<h1>72 Carlyle Residences<\/h1>\n<h1>Comodidades<\/h1>\n<p>[\/et_pb_text][\/et_pb_column][\/et_pb_row][\/et_pb_section][et_pb_section fb_built=&#8221;1&#8243; module_id=&#8221;building-features&#8221; _builder_version=&#8221;4.22.1&#8243; _module_preset=&#8221;default&#8221; background_color=&#8221;RGBA(255,255,255,0)&#8221; custom_padding=&#8221;||2px|||&#8221; global_colors_info=&#8221;{}&#8221;][et_pb_row column_structure=&#8221;1_2,1_2&#8243; _builder_version=&#8221;4.27.2&#8243; _module_preset=&#8221;default&#8221; width=&#8221;90%&#8221; max_width=&#8221;90%&#8221; custom_padding=&#8221;||0px|||&#8221; global_colors_info=&#8221;{}&#8221;][et_pb_column type=&#8221;1_2&#8243; _builder_version=&#8221;4.20.2&#8243; _module_preset=&#8221;default&#8221; global_colors_info=&#8221;{}&#8221;][et_pb_text _builder_version=&#8221;4.27.4&#8243; _module_preset=&#8221;default&#8221; text_font=&#8221;Adamina||||||||&#8221; text_text_color=&#8221;#000000&#8243; text_line_height=&#8221;1.8em&#8221; header_2_font=&#8221;|700|||||||&#8221; header_2_font_size=&#8221;30px&#8221; header_2_line_height=&#8221;1.8em&#8221; custom_margin=&#8221;-60px|||||&#8221; hover_enabled=&#8221;0&#8243; global_colors_info=&#8221;{}&#8221; sticky_enabled=&#8221;0&#8243;]<\/p>\n<h2>Building Features<\/h2>\n<ul>\n<li>M\u00e1s de 4100 metros cuadrados de exclusivas comodidades residenciales interiores y exteriores, dise\u00f1adas y seleccionadas por Piero Lissoni.<\/li>\n<li>Piscina estilo resort con un elegante dise\u00f1o paisaj\u00edstico, caba\u00f1as junto a la piscina y vistas al Canal Intracostero.<\/li>\n<li>Canchas de p\u00e1del de exhibici\u00f3n con jardines exteriores.<br \/>Terraza Lido y p\u00e9rgola para socializar al aire libre.<\/li>\n<li>Tres suites sociales interconectadas que se pueden combinar para eventos m\u00e1s grandes. Los espacios incluyen el sal\u00f3n de aperitivos con diversas zonas de estar y la bodega con cocina de chef.<\/li>\n<li>Sal\u00f3n social, que se puede reservar para celebraciones y eventos*.<\/li>\n<li>Estudio Technogym, un gimnasio de \u00faltima generaci\u00f3n totalmente equipado.<\/li>\n<li>Estudio de yoga, ideal para sesiones privadas de entrenamiento.<\/li>\n<li>Spa para residentes, con sala de tratamientos privada, ba\u00f1o de vapor y sauna.<\/li>\n<li>Sal\u00f3n exterior de agua fr\u00eda y caliente.<\/li>\n<li>Biblioteca Lissoni con estanter\u00edas de suelo a techo.<\/li>\n<li>Sal\u00f3n de coworking, con salas de reuniones privadas.<\/li>\n<li>Sala de juegos infantiles inmersiva.<\/li>\n<li>Terraza ajardinada en la azotea, con vistas panor\u00e1micas al oc\u00e9ano, parques, el canal intracostero y el horizonte de Miami.<\/li>\n<\/ul>\n<p>[\/et_pb_text][\/et_pb_column][et_pb_column type=&#8221;1_2&#8243; _builder_version=&#8221;4.20.2&#8243; _module_preset=&#8221;default&#8221; global_colors_info=&#8221;{}&#8221;][et_pb_image src=&#8221;https:\/\/72carlyleresidence.com\/es\/wp-content\/uploads\/72-carlyle-miami-beach-tower.jpg&#8221; title_text=&#8221;72 Carlyle Miami Beach Residences&#8221; align=&#8221;center&#8221; _builder_version=&#8221;4.27.2&#8243; _module_preset=&#8221;default&#8221; max_height=&#8221;500px&#8221; custom_margin=&#8221;-66px|||||&#8221; custom_margin_tablet=&#8221;10px||||false|false&#8221; custom_margin_phone=&#8221;10px||||false|false&#8221; custom_margin_last_edited=&#8221;on|tablet&#8221; global_colors_info=&#8221;{}&#8221;][\/et_pb_image][\/et_pb_column][\/et_pb_row][\/et_pb_section][et_pb_section fb_built=&#8221;1&#8243; module_id=&#8221;building-features&#8221; _builder_version=&#8221;4.22.1&#8243; _module_preset=&#8221;default&#8221; background_color=&#8221;RGBA(255,255,255,0)&#8221; custom_padding=&#8221;90px||2px|||&#8221; global_colors_info=&#8221;{}&#8221;][et_pb_row column_structure=&#8221;3_5,2_5&#8243; _builder_version=&#8221;4.23.1&#8243; _module_preset=&#8221;default&#8221; width=&#8221;90%&#8221; max_width=&#8221;90%&#8221; custom_padding=&#8221;||0px|||&#8221; global_colors_info=&#8221;{}&#8221;][et_pb_column type=&#8221;3_5&#8243; _builder_version=&#8221;4.20.2&#8243; _module_preset=&#8221;default&#8221; global_colors_info=&#8221;{}&#8221;][et_pb_text _builder_version=&#8221;4.27.4&#8243; _module_preset=&#8221;default&#8221; text_font=&#8221;Adamina||||||||&#8221; text_text_color=&#8221;#000000&#8243; text_line_height=&#8221;1.8em&#8221; header_2_font=&#8221;|700|||||||&#8221; header_2_font_size=&#8221;30px&#8221; header_2_line_height=&#8221;1.8em&#8221; custom_margin=&#8221;-80px|||||&#8221; hover_enabled=&#8221;0&#8243; global_colors_info=&#8221;{}&#8221; sticky_enabled=&#8221;0&#8243;]<\/p>\n<h2>Residencias Privadas<\/h2>\n<ul>\n<li>Residencias en condominios con detalles meticulosos, dise\u00f1adas por Piero Lissoni<\/li>\n<li>Cada residencia ofrece una amplia terraza privada; algunas casas incluyen un bar al aire libre.<\/li>\n<li>Vistas panor\u00e1micas al oc\u00e9ano, al canal intracostero y al parque.<\/li>\n<li>Techos elevados de hasta 3 metros de altura.<\/li>\n<li>Puertas corredizas de vidrio de piso a techo y vidrio resistente a impactos en toda la casa.<\/li>\n<li>Ascensores de alta velocidad con control de acceso.<\/li>\n<\/ul>\n<p>&nbsp;<\/p>\n<p>[\/et_pb_text][\/et_pb_column][et_pb_column type=&#8221;2_5&#8243; _builder_version=&#8221;4.20.2&#8243; _module_preset=&#8221;default&#8221; global_colors_info=&#8221;{}&#8221;][et_pb_image src=&#8221;https:\/\/72carlyleresidence.com\/es\/wp-content\/uploads\/72-carlyle-miami-beach-22.jpg&#8221; alt=&#8221;The Four Seasons Coconut Grove South Florida&#8221; title_text=&#8221;72 Carlyle Miami Beach Residences&#8221; align=&#8221;center&#8221; _builder_version=&#8221;4.27.2&#8243; _module_preset=&#8221;default&#8221; custom_margin=&#8221;-43px|||||&#8221; custom_margin_tablet=&#8221;79px|||||&#8221; custom_margin_phone=&#8221;1px||||false|false&#8221; custom_margin_last_edited=&#8221;on|phone&#8221; custom_padding=&#8221;||10px||false|false&#8221; custom_padding_tablet=&#8221;||10px||false|false&#8221; custom_padding_phone=&#8221;||20px||false|false&#8221; custom_padding_last_edited=&#8221;on|phone&#8221; image_caption_color=&#8221;#282828&#8243; image_caption_size=&#8221;14px&#8221; image_caption_lineheight=&#8221;1.5em&#8221; global_colors_info=&#8221;{}&#8221;][\/et_pb_image][\/et_pb_column][\/et_pb_row][\/et_pb_section]<\/p>\n","protected":false},"excerpt":{"rendered":"<p>72 Carlyle Residences ComodidadesBuilding Features M\u00e1s de 4100 metros cuadrados de exclusivas comodidades residenciales interiores y exteriores, dise\u00f1adas y seleccionadas por Piero Lissoni. Piscina estilo resort con un elegante dise\u00f1o paisaj\u00edstico, caba\u00f1as junto a la piscina y vistas al Canal Intracostero. Canchas de p\u00e1del de exhibici\u00f3n con jardines exteriores.Terraza Lido y p\u00e9rgola para socializar al [&hellip;]<\/p>\n","protected":false},"author":1,"featured_media":1771,"parent":0,"menu_order":0,"comment_status":"closed","ping_status":"closed","template":"","meta":{"_et_pb_use_builder":"on","_et_pb_old_content":"","_et_gb_content_width":"","footnotes":""},"class_list":["post-730","page","type-page","status-publish","has-post-thumbnail","hentry"],"_links":{"self":[{"href":"https:\/\/72carlyleresidence.com\/es\/wp-json\/wp\/v2\/pages\/730","targetHints":{"allow":["GET"]}}],"collection":[{"href":"https:\/\/72carlyleresidence.com\/es\/wp-json\/wp\/v2\/pages"}],"about":[{"href":"https:\/\/72carlyleresidence.com\/es\/wp-json\/wp\/v2\/types\/page"}],"author":[{"embeddable":true,"href":"https:\/\/72carlyleresidence.com\/es\/wp-json\/wp\/v2\/users\/1"}],"replies":[{"embeddable":true,"href":"https:\/\/72carlyleresidence.com\/es\/wp-json\/wp\/v2\/comments?post=730"}],"version-history":[{"count":47,"href":"https:\/\/72carlyleresidence.com\/es\/wp-json\/wp\/v2\/pages\/730\/revisions"}],"predecessor-version":[{"id":1929,"href":"https:\/\/72carlyleresidence.com\/es\/wp-json\/wp\/v2\/pages\/730\/revisions\/1929"}],"wp:featuredmedia":[{"embeddable":true,"href":"https:\/\/72carlyleresidence.com\/es\/wp-json\/wp\/v2\/media\/1771"}],"wp:attachment":[{"href":"https:\/\/72carlyleresidence.com\/es\/wp-json\/wp\/v2\/media?parent=730"}],"curies":[{"name":"wp","href":"https:\/\/api.w.org\/{rel}","templated":true}]}}